{"id":785,"date":"2021-12-21T12:02:43","date_gmt":"2021-12-21T11:02:43","guid":{"rendered":"http:\/\/adria-transport.razvija.se\/services\/"},"modified":"2022-04-19T10:52:18","modified_gmt":"2022-04-19T08:52:18","slug":"services","status":"publish","type":"page","link":"https:\/\/adria-transport.com\/en\/services\/","title":{"rendered":"Services"},"content":{"rendered":"<p><section class=\"kc-elm kc-css-13437 kc_row\"><div class=\" container\"><div class=\"row \"><div class=\"kc-elm kc-css-286520 col-12 col-sm-12 column\"><div class=\"kc-col-container\"><div class=\"kc-elm kc-css-451760 kc_text_block\"><\/p>\n<p>Adria Transport offers the organisation and execution of railway transportations. In case the quantities are not sufficient for the introduction of regular services, the company offers transport of waggon groups or single waggons.<\/p>\n<p><strong>Adria Transport has signed agreements on cooperation with the following carriers:<\/strong><\/p>\n<ul>\n<li>Slovenija: S\u017d \u2013 Tovorni promet, Rail Cargo Carrier, Ten Rail, InRail<\/li>\n<li>Croatia: Enna Transport, Rail &amp; Sea, Adria Transport Croatia<\/li>\n<li>Hungary: LTE Hung\u00e1ria Kft., GYSEV CARGO Zrt., TRAIN HUNGARY Mag\u00e1nvas\u00fat Kft., PKP CARGO INTERNATIONAL HU Zrt., BUDAMAR LOGISTICS, a.s., CRW, Petrolsped Slovakia s.r.o., Komplex Rail<\/li>\n<li>Austria: LTE, \u010cD Cargo, SETG<\/li>\n<li>Italy: EVM Rail S.r.l., INRAIL S.p.A., MERCITALIA Shunting &amp; Terminal S.r.l.,&nbsp; Adriafer s.r.l.,&nbsp; Captrain Italia Srl, Rail Traction Company SpA ,Compagnia Ferroviaria Italiana<\/li>\n<\/ul>\n<p>\n<\/div><\/div><\/div><\/div><\/div><\/section><section class=\"kc-elm kc-css-866492 kc_row\"><div class=\" container\"><div class=\"row \"><div class=\"kc-elm kc-css-964671 col-12 col-sm-12 column\"><div class=\"kc-col-container\">\n<div class=\"kc-elm kc-css-187088 kc-title-wrap \">\n\n    <h2  class=\"  kc_title\">Regular services<\/h2>\n<\/div>\n<div class=\"kc-elm kc-css-992475 kc_text_block\"><\/p>\n<p><strong>Koper \u2013 Cargo Center Graz<\/strong> &#8211; contact Cargo Center Graz<\/p>\n<ul>\n<li>Frequency: 7x per week<\/li>\n<li>Transit time: 10 hours<\/li>\n<\/ul>\n<div><strong>Koper \u2013 Enns \u2013 Salzburg<\/strong><\/div>\n<ul>\n<li>2x per week<\/li>\n<\/ul>\n<p><strong>Koper \u2013 Enns<\/strong><\/p>\n<ul>\n<li>2x per week<\/li>\n<\/ul>\n<p><strong>Paskow \u2013 Trieste<\/strong><\/p>\n<ul>\n<li>2x per week<\/li>\n<\/ul>\n<div>In addition to intermodal transport we perform also transport of other commodities for various destinations.<\/div>\n<div>\u00a0<\/div>\n<p>\n<\/div><\/div><\/div><\/div><\/div><\/section><section class=\"kc-elm kc-css-300305 kc_row\"><div class=\" container\"><div class=\"row \"><div class=\"kc-elm kc-css-467760 col-12 col-sm-12 column\"><div class=\"kc-col-container\">\n<div class=\"kc-elm kc-css-242986 kc-title-wrap \">\n\n    <h2  class=\"  kc_title\">Rolling stock<\/h2>\n<\/div>\n<div class=\"kc-elm kc-css-873218 kc_text_block\"><\/p>\n<p>Adria Transport disposes directly of<\/p>\n<ul>\n<li>3 electric locomotives\u00a0Siemens Taurus\u00a0and<\/li>\n<li>2 diesel electric locomotives\u00a0Siemens Hercules.<\/li>\n<\/ul>\n<p>However the traction can be made also by employing over locomotives property of the LTE Group.<\/p>\n<p>Wagons: 85 container wagons<\/p>\n<p>\n<\/div><\/div><\/div><\/div><\/div><\/section><section class=\"kc-elm kc-css-342384 kc_row\"><div class=\" container\"><div class=\"row \"><div class=\"kc-elm kc-css-318620 col-12 col-sm-12 column\"><div class=\"kc-col-container\"><div class=\"div-wrapper kc-elm kc-css-99806 pink-wrapper\">\n<div class=\"kc-elm kc-css-430377 kc-title-wrap \">\n\n    <h4  class=\"  kc_title din-font\">Files for download<\/h4>\n<\/div>\n<div class=\"clear\"><\/div>\n<div class=\"mod-id-433011 kc-elm kc-css-433011 kc-raw-code simple-links-outer\">\n\t    <ul class=\"simple-links-inner layout-grid-1\">\n\t\t            <li>\n                                                        <a href=\"https:\/\/adria-transport.com\/wp-content\/uploads\/2021\/12\/Hercules-loco-curves.pdf\">\n                        Siemens Hercules locomotive                        <div class=\"detailed-info\">\n                            <span class=\"d-block\">pdf, 647 KB<\/span>\n                        <\/div>\n                    <\/a>\n                \n            <\/li>\n\t\t            <li>\n                                                        <a href=\"https:\/\/adria-transport.com\/wp-content\/uploads\/2021\/12\/Sggrss-wagon.pdf\">\n                        Siemens Taurus locomotive                        <div class=\"detailed-info\">\n                            <span class=\"d-block\">pdf, 319 KB<\/span>\n                        <\/div>\n                    <\/a>\n                \n            <\/li>\n\t\t            <li>\n                                                        <a href=\"https:\/\/adria-transport.com\/wp-content\/uploads\/2021\/12\/Sggrss-wagon-1.pdf\">\n                        Sggrss wagon                        <div class=\"detailed-info\">\n                            <span class=\"d-block\">pdf, 319 KB<\/span>\n                        <\/div>\n                    <\/a>\n                \n            <\/li>\n\t\t            <li>\n                                                        <a href=\"https:\/\/adria-transport.com\/wp-content\/uploads\/2021\/12\/Hercules-loco-curves-1.pdf\">\n                        Siemens Hercules locomotive                        <div class=\"detailed-info\">\n                            <span class=\"d-block\">pdf, 647 KB<\/span>\n                        <\/div>\n                    <\/a>\n                \n            <\/li>\n\t\t            <li>\n                                                        <a href=\"https:\/\/adria-transport.com\/wp-content\/uploads\/2021\/12\/Sggrss-wagon-2.pdf\">\n                        Siemens Taurus locomotive                        <div class=\"detailed-info\">\n                            <span class=\"d-block\">pdf, 319 KB<\/span>\n                        <\/div>\n                    <\/a>\n                \n            <\/li>\n\t\t            <li>\n                                                        <a href=\"https:\/\/adria-transport.com\/wp-content\/uploads\/2021\/12\/Sggrss-wagon-3.pdf\">\n                        Sggrss wagon                        <div class=\"detailed-info\">\n                            <span class=\"d-block\">pdf, 319 KB<\/span>\n                        <\/div>\n                    <\/a>\n                \n            <\/li>\n\t\t    <\/ul>\n<\/div>\n\n\n\n<div class=\"clear\"><\/div>\n<\/div><\/div><\/div><\/div><\/div><\/section><\/p>\n","protected":false},"excerpt":{"rendered":"","protected":false},"author":3,"featured_media":807,"parent":0,"menu_order":0,"comment_status":"closed","ping_status":"closed","template":"","meta":{"_acf_changed":false,"inline_featured_image":false,"footnotes":""},"class_list":["post-785","page","type-page","status-publish","has-post-thumbnail","hentry"],"acf":[],"_links":{"self":[{"href":"https:\/\/adria-transport.com\/en\/wp-json\/wp\/v2\/pages\/785","targetHints":{"allow":["GET"]}}],"collection":[{"href":"https:\/\/adria-transport.com\/en\/wp-json\/wp\/v2\/pages"}],"about":[{"href":"https:\/\/adria-transport.com\/en\/wp-json\/wp\/v2\/types\/page"}],"author":[{"embeddable":true,"href":"https:\/\/adria-transport.com\/en\/wp-json\/wp\/v2\/users\/3"}],"replies":[{"embeddable":true,"href":"https:\/\/adria-transport.com\/en\/wp-json\/wp\/v2\/comments?post=785"}],"version-history":[{"count":0,"href":"https:\/\/adria-transport.com\/en\/wp-json\/wp\/v2\/pages\/785\/revisions"}],"wp:featuredmedia":[{"embeddable":true,"href":"https:\/\/adria-transport.com\/en\/wp-json\/wp\/v2\/media\/807"}],"wp:attachment":[{"href":"https:\/\/adria-transport.com\/en\/wp-json\/wp\/v2\/media?parent=785"}],"curies":[{"name":"wp","href":"https:\/\/api.w.org\/{rel}","templated":true}]}}